{"id":11,"date":"2015-04-19T04:33:36","date_gmt":"2015-04-19T07:33:36","guid":{"rendered":"https:\/\/radiadoresesteban.com.ar\/?page_id=11"},"modified":"2018-09-04T11:23:42","modified_gmt":"2018-09-04T14:23:42","slug":"home","status":"publish","type":"page","link":"https:\/\/radiadoresesteban.com.ar\/","title":{"rendered":"Inicio"},"content":{"rendered":"<div class=\"wpb-content-wrapper\"><p>[vc_row width_100=&#8221;yes&#8221; parallax_speed=&#8221;5&#8243; parallax_x=&#8221;0&#8243; parallax_y=&#8221;0&#8243;][vc_column parallax=&#8221;content-moving&#8221; css=&#8221;.vc_custom_1525565151865{background-image: url(https:\/\/radiadoresesteban.com.ar\/wp-content\/uploads\/2018\/05\/loginnn-4.jpg?id=907) !important;background-position: center !important;background-repeat: no-repeat !important;background-size: cover !important;}&#8221;][vc_row_inner][vc_column_inner width=&#8221;1\/2&#8243;][\/vc_column_inner][vc_column_inner width=&#8221;1\/4&#8243; css=&#8221;.vc_custom_1533172604687{background-color: #1e73be !important;border-radius: 2px !important;}&#8221;][vc_column_text css=&#8221;.vc_custom_1533172713498{background-color: #1e73be !important;}&#8221;]<\/p>\n<form id=\"form1\" action=\"ingreso.php\" method=\"post\" name=\"form1\">\n<table border=\"0\" width=\"100%\">\n<tbody>\n<tr>\n<td style=\"text-align: center;\" align=\"right\" valign=\"middle\" width=\"100%\">\n<h4 style=\"text-align: left;\">Ingresar a tu cuenta:<\/h4>\n<\/td>\n<\/tr>\n<tr>\n<td align=\"center\" valign=\"middle\" width=\"100%\">\n<p style=\"text-align: left;\">Usuario:<br \/>\n<input id=\"username\" name=\"username\" type=\"text\" \/><\/p>\n<p style=\"text-align: left;\">Contrase\u00f1a:<br \/>\n<input id=\"pass\" name=\"pass\" type=\"password\" \/><\/p>\n<p style=\"text-align: left;\"><input id=\"button\" class=\"art-Post-body\" name=\"button\" type=\"submit\" value=\"Ingresar\" \/> [ninja-popup id=876]<img loading=\"lazy\" decoding=\"async\" class=\"alignnone size-full wp-image-869\" src=\"https:\/\/radiadoresesteban.com.ar\/wp-content\/uploads\/2018\/03\/registro.png\" alt=\"\" width=\"131\" height=\"46\" \/>[\/ninja-popup]<\/p>\n<p><a href=\"https:\/\/radiadoresesteban.com.ar\/services\/\"><img loading=\"lazy\" decoding=\"async\" class=\"alignnone wp-image-934 size-full\" src=\"https:\/\/radiadoresesteban.com.ar\/wp-content\/uploads\/2018\/07\/ingresar.png\" alt=\"\" width=\"260\" height=\"45\" \/><\/a><\/td>\n<\/tr>\n<\/tbody>\n<\/table>\n<\/form>\n<p>[\/vc_column_text][vc_empty_space][\/vc_column_inner][vc_column_inner width=&#8221;1\/4&#8243;][\/vc_column_inner][\/vc_row_inner][vc_empty_space][\/vc_column][\/vc_row][vc_row][vc_column][vc_empty_space][vc_column_text]<\/p>\n<h3 class=\"no-margin-top\" style=\"text-align: center;\">Novedades<\/h3>\n<p>[\/vc_column_text]\t<!-- BEGIN: .posts-carousel -->\n\t<div class=\"posts-carousel  \">\n\t\t\n\t\t\n\t\t\t<div class=\"blog-entries\">\n\n\t\t\t<!-- BEGIN: .elements-carousel -->\n<div class=\"elements-carousel  \" data-config=\"{&quot;items&quot;:4,&quot;itemsTablet&quot;:[768,2],&quot;itemsMobile&quot;:[479,1],&quot;autoPlay&quot;:5000,&quot;stopOnHover&quot;:true,&quot;mouseDrag&quot;:true,&quot;touchDrag&quot;:true,&quot;responsive&quot;:true,&quot;scrollPerPage&quot;:true,&quot;slideSpeed&quot;:200,&quot;paginationSpeed&quot;:200,&quot;rewindSpeed&quot;:200,&quot;navigation&quot;:true,&quot;rewindNav&quot;:true,&quot;pagination&quot;:true,&quot;paginationNumbers&quot;:false,&quot;dragBeforeAnimFinish&quot;:true,&quot;addClassActive&quot;:true,&quot;autoHeight&quot;:true,&quot;navigationText&quot;:[&quot;Previous&quot;,&quot;Next&quot;],&quot;itemsScaleUp&quot;:true}\">\n\t<div class=\"elements-carousel-wrap\">\n\t\t\n\t\t\t\n\t\t\t\t\t\t\t\t\t\n\t\t\t\t\t<article class=\"post-833 post type-post status-publish format-standard has-post-thumbnail hentry category-informacion category-noticias\">\n\t\t\t\t\t\t<div class=\"entry-wrapper\">\n\t\t\t\t\t\t\t\t\t\t\t\t\t\t\t\n\t\t\t\t\t\t\t\t<div class=\"entry-cover\">\n\t\t\t\t\t\t\t\t\t<a href=\"https:\/\/radiadoresesteban.com.ar\/wp-content\/uploads\/2018\/05\/liquido-refrigerante.jpg\" data-lightbox=\"prettyPhoto\"><img loading=\"lazy\" decoding=\"async\" width=\"565\" height=\"514\" src=\"https:\/\/radiadoresesteban.com.ar\/wp-content\/uploads\/2018\/05\/liquido-refrigerante.jpg\" class=\"attachment-full\" alt=\"\" title=\"liquido refrigerante\" srcset=\"https:\/\/radiadoresesteban.com.ar\/wp-content\/uploads\/2018\/05\/liquido-refrigerante.jpg 565w, https:\/\/radiadoresesteban.com.ar\/wp-content\/uploads\/2018\/05\/liquido-refrigerante-300x273.jpg 300w\" sizes=\"auto, (max-width: 565px) 100vw, 565px\" \/><\/a>\t\t\t\t\t\t\t\t<\/div>\n\n\t\t\t\t\t\t\t\n\t\t\t\t\t\t\t<div class=\"entry-header\">\n\t\t\t\t\t\t\t\t<h2 class=\"entry-title\">\n\t\t\t\t\t\t\t\t\t<a href=\"https:\/\/radiadoresesteban.com.ar\/?p=833\">LA IMPORTANCIA DEL L\u00cdQUIDO REFRIGRANTE<\/a>\n\t\t\t\t\t\t\t\t<\/h2>\n\n\t\t\t\t\t\t\t\t\t\t\t\t\t\t\t\t\n\t\t\t\t\t\t\t\t\t<div class=\"post-meta\">\n\t\t\t\t\t\t\t\t\t\t<time class=\"entry-time\" itemprop=\"datePublished\" datetime=\"2018-03-09 15:12:48\">\n\t\t\t\t\t\t\t\t\t\t\t9 marzo, 2018\t\t\t\t\t\t\t\t\t\t<\/time>\n\t\t\t\t\t\t\t\t\t<\/div>\n\n\t\t\t\t\t\t\t\t\t\t\t\t\t\t\t<\/div>\n\n\t\t\t\t\t\t\t\t\t\t\t\t\t\t\t<div class=\"entry-content\">\n\t\t\t\t\t\t\t\t\t\n\t\t\t\t\t\t\t\t\t\t\t\t\t\t\t\t\t\t\tYa sea que lo llame refrigerante para motor o anticongelante, el l\u00edquido en el radiador cumple varias funciones mientras circula por el bloque del motor y mantiene los mecanismos en perfecto funcionam...\t\t\t\t\t\t\t\t\t\n\t\t\t\t\t\t\t\t\t\t\t\t\t\t\t\t\t\t\t<div class=\"read-more\">\n\t\t\t\t\t\t\t\t\t\t\t<a href=\"https:\/\/radiadoresesteban.com.ar\/?p=833\">\n\t\t\t\t\t\t\t\t\t\t\t\tLeer m\u00e1s\t\t\t\t\t\t\t\t\t\t\t<\/a>\n\t\t\t\t\t\t\t\t\t\t<\/div>\n\t\t\t\t\t\t\t\t\t\n\t\t\t\t\t\t\t\t<\/div>\n\t\t\t\t\t\t\t\t\t\t\t\t\t<\/div>\n\t\t\t\t\t<\/article>\n\n\t\t\t\t\t\t\t\t\t\n\t\t\t\t\t<article class=\"post-830 post type-post status-publish format-standard has-post-thumbnail hentry category-informacion category-noticias\">\n\t\t\t\t\t\t<div class=\"entry-wrapper\">\n\t\t\t\t\t\t\t\t\t\t\t\t\t\t\t\n\t\t\t\t\t\t\t\t<div class=\"entry-cover\">\n\t\t\t\t\t\t\t\t\t<a href=\"https:\/\/radiadoresesteban.com.ar\/wp-content\/uploads\/2018\/05\/sobre-calentamiento.jpg\" data-lightbox=\"prettyPhoto\"><img loading=\"lazy\" decoding=\"async\" width=\"561\" height=\"331\" src=\"https:\/\/radiadoresesteban.com.ar\/wp-content\/uploads\/2018\/05\/sobre-calentamiento.jpg\" class=\"attachment-full\" alt=\"\" title=\"sobre calentamiento\" srcset=\"https:\/\/radiadoresesteban.com.ar\/wp-content\/uploads\/2018\/05\/sobre-calentamiento.jpg 561w, https:\/\/radiadoresesteban.com.ar\/wp-content\/uploads\/2018\/05\/sobre-calentamiento-300x177.jpg 300w\" sizes=\"auto, (max-width: 561px) 100vw, 561px\" \/><\/a>\t\t\t\t\t\t\t\t<\/div>\n\n\t\t\t\t\t\t\t\n\t\t\t\t\t\t\t<div class=\"entry-header\">\n\t\t\t\t\t\t\t\t<h2 class=\"entry-title\">\n\t\t\t\t\t\t\t\t\t<a href=\"https:\/\/radiadoresesteban.com.ar\/?p=830\">CAUSAS COMUNES DEL SOBRE-CALENTAMIENTO DEL MOTOR<\/a>\n\t\t\t\t\t\t\t\t<\/h2>\n\n\t\t\t\t\t\t\t\t\t\t\t\t\t\t\t\t\n\t\t\t\t\t\t\t\t\t<div class=\"post-meta\">\n\t\t\t\t\t\t\t\t\t\t<time class=\"entry-time\" itemprop=\"datePublished\" datetime=\"2018-03-09 15:12:07\">\n\t\t\t\t\t\t\t\t\t\t\t9 marzo, 2018\t\t\t\t\t\t\t\t\t\t<\/time>\n\t\t\t\t\t\t\t\t\t<\/div>\n\n\t\t\t\t\t\t\t\t\t\t\t\t\t\t\t<\/div>\n\n\t\t\t\t\t\t\t\t\t\t\t\t\t\t\t<div class=\"entry-content\">\n\t\t\t\t\t\t\t\t\t\n\t\t\t\t\t\t\t\t\t\t\t\t\t\t\t\t\t\t\tNOTA: Para evitar quemaduras o lesiones, \u00a1Nunca intente remover el tap\u00f3n del radiador cuando el motor est\u00e9 caliente!\r\nEl sobre-calentamiento del motor puede ser ocasionado por cualquier situaci\u00f3n que ...\t\t\t\t\t\t\t\t\t\n\t\t\t\t\t\t\t\t\t\t\t\t\t\t\t\t\t\t\t<div class=\"read-more\">\n\t\t\t\t\t\t\t\t\t\t\t<a href=\"https:\/\/radiadoresesteban.com.ar\/?p=830\">\n\t\t\t\t\t\t\t\t\t\t\t\tLeer m\u00e1s\t\t\t\t\t\t\t\t\t\t\t<\/a>\n\t\t\t\t\t\t\t\t\t\t<\/div>\n\t\t\t\t\t\t\t\t\t\n\t\t\t\t\t\t\t\t<\/div>\n\t\t\t\t\t\t\t\t\t\t\t\t\t<\/div>\n\t\t\t\t\t<\/article>\n\n\t\t\t\t\t\t\t\t\t\n\t\t\t\t\t<article class=\"post-827 post type-post status-publish format-standard has-post-thumbnail hentry category-informacion category-noticias\">\n\t\t\t\t\t\t<div class=\"entry-wrapper\">\n\t\t\t\t\t\t\t\t\t\t\t\t\t\t\t\n\t\t\t\t\t\t\t\t<div class=\"entry-cover\">\n\t\t\t\t\t\t\t\t\t<a href=\"https:\/\/radiadoresesteban.com.ar\/wp-content\/uploads\/2018\/03\/sistema_enfriamiento.jpg\" data-lightbox=\"prettyPhoto\"><img loading=\"lazy\" decoding=\"async\" width=\"300\" height=\"212\" src=\"https:\/\/radiadoresesteban.com.ar\/wp-content\/uploads\/2018\/03\/sistema_enfriamiento.jpg\" class=\"attachment-full\" alt=\"\" title=\"sistema_enfriamiento\" \/><\/a>\t\t\t\t\t\t\t\t<\/div>\n\n\t\t\t\t\t\t\t\n\t\t\t\t\t\t\t<div class=\"entry-header\">\n\t\t\t\t\t\t\t\t<h2 class=\"entry-title\">\n\t\t\t\t\t\t\t\t\t<a href=\"https:\/\/radiadoresesteban.com.ar\/?p=827\">FUNCIONAMIENTO DEL SISTEMA DE ENFRIAMIENTO<\/a>\n\t\t\t\t\t\t\t\t<\/h2>\n\n\t\t\t\t\t\t\t\t\t\t\t\t\t\t\t\t\n\t\t\t\t\t\t\t\t\t<div class=\"post-meta\">\n\t\t\t\t\t\t\t\t\t\t<time class=\"entry-time\" itemprop=\"datePublished\" datetime=\"2018-03-09 15:10:18\">\n\t\t\t\t\t\t\t\t\t\t\t9 marzo, 2018\t\t\t\t\t\t\t\t\t\t<\/time>\n\t\t\t\t\t\t\t\t\t<\/div>\n\n\t\t\t\t\t\t\t\t\t\t\t\t\t\t\t<\/div>\n\n\t\t\t\t\t\t\t\t\t\t\t\t\t\t\t<div class=\"entry-content\">\n\t\t\t\t\t\t\t\t\t\n\t\t\t\t\t\t\t\t\t\t\t\t\t\t\t\t\t\t\tEl sistema de enfriamiento es un sistema constituido de partes y refrigerante que trabajan juntos para controlar la temperatura de operaci\u00f3n del motor y obtener un \u00f3ptimo desempe\u00f1o. El sistema tiene c...\t\t\t\t\t\t\t\t\t\n\t\t\t\t\t\t\t\t\t\t\t\t\t\t\t\t\t\t\t<div class=\"read-more\">\n\t\t\t\t\t\t\t\t\t\t\t<a href=\"https:\/\/radiadoresesteban.com.ar\/?p=827\">\n\t\t\t\t\t\t\t\t\t\t\t\tLeer m\u00e1s\t\t\t\t\t\t\t\t\t\t\t<\/a>\n\t\t\t\t\t\t\t\t\t\t<\/div>\n\t\t\t\t\t\t\t\t\t\n\t\t\t\t\t\t\t\t<\/div>\n\t\t\t\t\t\t\t\t\t\t\t\t\t<\/div>\n\t\t\t\t\t<\/article>\n\n\t\t\t\t\t\t\t\t\t\n\t\t\t\t\t<article class=\"post-779 post type-post status-publish format-standard hentry category-uncategorized no-post-thumbnail\">\n\t\t\t\t\t\t<div class=\"entry-wrapper\">\n\t\t\t\t\t\t\t\n\t\t\t\t\t\t\t<div class=\"entry-header\">\n\t\t\t\t\t\t\t\t<h2 class=\"entry-title\">\n\t\t\t\t\t\t\t\t\t<a href=\"https:\/\/radiadoresesteban.com.ar\/?p=779\">Hello world!<\/a>\n\t\t\t\t\t\t\t\t<\/h2>\n\n\t\t\t\t\t\t\t\t\t\t\t\t\t\t\t\t\n\t\t\t\t\t\t\t\t\t<div class=\"post-meta\">\n\t\t\t\t\t\t\t\t\t\t<time class=\"entry-time\" itemprop=\"datePublished\" datetime=\"2016-08-16 09:19:17\">\n\t\t\t\t\t\t\t\t\t\t\t16 agosto, 2016\t\t\t\t\t\t\t\t\t\t<\/time>\n\t\t\t\t\t\t\t\t\t<\/div>\n\n\t\t\t\t\t\t\t\t\t\t\t\t\t\t\t<\/div>\n\n\t\t\t\t\t\t\t\t\t\t\t\t\t\t\t<div class=\"entry-content\">\n\t\t\t\t\t\t\t\t\t\n\t\t\t\t\t\t\t\t\t\t\t\t\t\t\t\t\t\t\tWelcome to WordPress Demo 2 Sites. This is your first post. Edit or delete it, then start blogging!\t\t\t\t\t\t\t\t\t\n\t\t\t\t\t\t\t\t\t\t\t\t\t\t\t\t\t\t\t<div class=\"read-more\">\n\t\t\t\t\t\t\t\t\t\t\t<a href=\"https:\/\/radiadoresesteban.com.ar\/?p=779\">\n\t\t\t\t\t\t\t\t\t\t\t\tLeer m\u00e1s\t\t\t\t\t\t\t\t\t\t\t<\/a>\n\t\t\t\t\t\t\t\t\t\t<\/div>\n\t\t\t\t\t\t\t\t\t\n\t\t\t\t\t\t\t\t<\/div>\n\t\t\t\t\t\t\t\t\t\t\t\t\t<\/div>\n\t\t\t\t\t<\/article>\n\n\t\t\t\t\t\t\t\t<\/div>\n<\/div>\n<!-- END: .elements-carousel -->\n\n\t\t<\/div>\n\t<\/div>\n\t<!-- END: .posts-carousel -->\n[vc_empty_space][\/vc_column][\/vc_row][vc_row parallax_effect=&#8221;yes&#8221; parallax_speed=&#8221;5&#8243; parallax_x=&#8221;0&#8243; parallax_y=&#8221;0&#8243; css=&#8221;.vc_custom_1525558654276{padding-top: 40px !important;padding-bottom: 70px !important;background-image: url(https:\/\/radiadoresesteban.com.ar\/wp-content\/uploads\/2018\/05\/banner.jpg?id=894) !important;}&#8221; el_class=&#8221;heading-white aligncenter&#8221; font_color=&#8221;#999999&#8243;][vc_column][vc_row_inner][vc_column_inner width=&#8221;1\/4&#8243;][\/vc_column_inner][vc_column_inner width=&#8221;1\/2&#8243;][vc_column_text]<\/p>\n<h3 style=\"text-align: center;\">RADIADORES ESTEBAN<\/h3>\n<p>[\/vc_column_text][vc_empty_space height=&#8221;5px&#8221;][vc_column_text]<\/p>\n<p class=\"typo\" style=\"text-align: center;\">ESTEBAN es sin\u00f3nimo de radiadores desde hace m\u00e1s de 70 a\u00f1os<\/p>\n<p>[\/vc_column_text][vc_empty_space height=&#8221;20px&#8221;][vc_separator color=&#8221;custom&#8221; el_width=&#8221;50&#8243; accent_color=&#8221;#555555&#8243;][vc_empty_space height=&#8221;80px&#8221;][\/vc_column_inner][vc_column_inner width=&#8221;1\/4&#8243;][\/vc_column_inner][\/vc_row_inner][vc_row_inner][vc_column_inner width=&#8221;1\/4&#8243;]<div class=\"iconbox aligncenter   circle\">\n\t\t<div class=\"box-header\">\n\t\t\t<div class=\"box-icon\"><img decoding=\"async\" src=\"https:\/\/radiadoresesteban.com.ar\/wp-content\/uploads\/2015\/04\/icon1.svg\" alt=\"1. Consulta rapida\" \/><\/div>\n\t\t\t<h5 class=\"box-title\">1. Consulta rapida<\/h5>\n\t\t<\/div>\n\t\t<div class=\"box-content\">\n\t\t\tDesde la web, telefonicamente o personalmente\n\t\t\t\n\t\t<\/div>\n\t<\/div>[\/vc_column_inner][vc_column_inner width=&#8221;1\/4&#8243;]<div class=\"iconbox aligncenter  \">\n\t\t<div class=\"box-header\">\n\t\t\t<div class=\"box-icon\"><img decoding=\"async\" src=\"https:\/\/radiadoresesteban.com.ar\/wp-content\/uploads\/2015\/04\/icon2.svg\" alt=\"2. Rapidez\" \/><\/div>\n\t\t\t<h5 class=\"box-title\">2. Rapidez<\/h5>\n\t\t<\/div>\n\t\t<div class=\"box-content\">\n\t\t\tContamos con un gran stock de repuestos para agilizar los pedidos.\n\t\t\t\n\t\t<\/div>\n\t<\/div>[\/vc_column_inner][vc_column_inner width=&#8221;1\/4&#8243;]<div class=\"iconbox aligncenter  \">\n\t\t<div class=\"box-header\">\n\t\t\t<div class=\"box-icon\"><img decoding=\"async\" src=\"https:\/\/radiadoresesteban.com.ar\/wp-content\/uploads\/2015\/04\/icon3.svg\" alt=\"3. Buscador\" \/><\/div>\n\t\t\t<h5 class=\"box-title\">3. Buscador<\/h5>\n\t\t<\/div>\n\t\t<div class=\"box-content\">\n\t\t\tBuscador personalizado de respuesto para todas las marcas\n\t\t\t\n\t\t<\/div>\n\t<\/div>[\/vc_column_inner][vc_column_inner width=&#8221;1\/4&#8243;]<div class=\"iconbox aligncenter   \">\n\t\t<div class=\"box-header\">\n\t\t\t<div class=\"box-icon\"><img decoding=\"async\" src=\"https:\/\/radiadoresesteban.com.ar\/wp-content\/uploads\/2015\/04\/icon4.svg\" alt=\"4. Distribuci\u00f3n y Comercializaci\u00f3n\" \/><\/div>\n\t\t\t<h5 class=\"box-title\">4. Distribuci\u00f3n y Comercializaci\u00f3n<\/h5>\n\t\t<\/div>\n\t\t<div class=\"box-content\">\n\t\t\tLa m\u00e1s amplia gama de radiadores originales y especiales\n\t\t\t\n\t\t<\/div>\n\t<\/div>[\/vc_column_inner][\/vc_row_inner][vc_empty_space height=&#8221;50px&#8221;][vc_btn title=&#8221;Cont\u00e1ctenos&#8221; style=&#8221;outline&#8221; color=&#8221;default&#8221; link=&#8221;url:https%3A%2F%2Fradiadoresesteban.com.ar%2Fmake-an-appointment%2F|||&#8221;][\/vc_column][\/vc_row][vc_row parallax_speed=&#8221;5&#8243; parallax_x=&#8221;0&#8243; parallax_y=&#8221;0&#8243; css=&#8221;.vc_custom_1429721147875{padding-top: 70px !important;padding-bottom: 70px !important;background-color: #f4f4f4 !important;}&#8221;][vc_column][vc_column_text]<\/p>\n<h3 class=\"no-margin-top\" style=\"text-align: center;\">Quienes Somos<\/h3>\n<p>[\/vc_column_text][vc_empty_space height=&#8221;5px&#8221;][vc_column_text]<\/p>\n<p class=\"typo\" style=\"text-align: center;\">ESTEBAN es sin\u00f3nimo de radiadores desde hace m\u00e1s de 70 a\u00f1os.<\/p>\n<p>[\/vc_column_text][vc_empty_space height=&#8221;50px&#8221;][vc_row_inner][vc_column_inner width=&#8221;1\/3&#8243;][vc_empty_space height=&#8221;7px&#8221;][vc_gallery interval=&#8221;3&#8243; images=&#8221;888,889,891&#8243; img_size=&#8221;full&#8221;][\/vc_column_inner][vc_column_inner width=&#8221;1\/3&#8243;][vc_column_text]Con el objetivo de brindar las mejores soluciones t\u00e9rmicas para veh\u00edculos y adapt\u00e1ndose a los cambios tecnol\u00f3gicos, distribuye y comercializa la m\u00e1s amplia gama de radiadores originales y especiales.<\/p>\n<p>La experiencia de tres generaciones puesta al servicio de sus necesidades y la \u00e9tica en las relaciones comerciales, son nuestra mejor carta de presentaci\u00f3n.[\/vc_column_text][vc_empty_space height=&#8221;30px&#8221;][vc_btn title=&#8221;Contactar&#8221; style=&#8221;custom&#8221; custom_background=&#8221;#ffffff&#8221; custom_text=&#8221;#333333&#8243; link=&#8221;url:https%3A%2F%2Fradiadoresesteban.com.ar%2Fcontact-us%2F|||&#8221;][\/vc_column_inner][vc_column_inner width=&#8221;1\/3&#8243;][vc_progress_bar values=&#8221;%5B%7B%22label%22%3A%22Radiador%22%2C%22value%22%3A%2290%22%7D%2C%7B%22label%22%3A%22Radiador%20de%20calefaccion%22%2C%22value%22%3A%2280%22%7D%2C%7B%22label%22%3A%22Panel%22%2C%22value%22%3A%2270%22%7D%2C%7B%22label%22%3A%22Electroventilador%22%2C%22value%22%3A%2290%22%7D%5D&#8221; bgcolor=&#8221;custom&#8221; custombgcolor=&#8221;#2d59b4&#8243;][\/vc_column_inner][\/vc_row_inner][\/vc_column][\/vc_row][vc_row parallax_effect=&#8221;yes&#8221; parallax_speed=&#8221;5&#8243; parallax_x=&#8221;0&#8243; parallax_y=&#8221;0&#8243; css=&#8221;.vc_custom_1429869971334{padding-top: 100px !important;padding-bottom: 100px !important;background-image: url(https:\/\/radiadoresesteban.com.ar\/wp-content\/uploads\/2015\/04\/bg-row-car.jpg?id=169) !important;}&#8221; font_color=&#8221;#dddddd&#8221;][vc_column width=&#8221;1\/6&#8243;][\/vc_column][vc_column width=&#8221;2\/3&#8243;][elements_carousel items=&#8221;1&#8243; autoplay=&#8221;no&#8221; controls=&#8221;navigation,rewind-navigation,pagination-numbers&#8221; autoplay_speed=&#8221;5000&#8243; slide_speed=&#8221;200&#8243; pagination_speed=&#8221;200&#8243; rewind_speed=&#8221;200&#8243; tablet_items=&#8221;2&#8243; mobile_items=&#8221;1&#8243;]\n\t\t<div class=\"testimonial aligncenter has-image\">\n\t\t\t<div class=\"testimonial-content\">\n\t\t\t\t<blockquote>\n\t\t\t\t\tExcelente atenci\u00f3n! Encontre el asesoramiento que estaba necesitando. Muchas gracias!!\n\t\t\t\t<\/blockquote>\n\t\t\t<\/div>\n\t\t\t<div class=\"testimonial-meta\">\n\t\t\t\t\n\t\t\t<div class=\"testimonial-image\">\n\t\t\t\t<img decoding=\"async\" src=\"https:\/\/radiadoresesteban.com.ar\/wp-content\/uploads\/2015\/04\/star.png\" alt=\"Fernando Enrique\" \/>\n\t\t\t<\/div>\n\t\t\n\t\t\t\t<div class=\"testimonial-author\">\n\t\t\t\t\t<strong class=\"author-name\">Fernando Enrique<\/strong>\n\t\t\t\t\t<div class=\"author-info\"><span class=\"subtitle\">Cliente<\/span> <span class=\"divider\">-<\/span> <span class=\"company\">Fluence<\/span><\/div>\n\t\t\t\t<\/div>\n\t\t\t<\/div>\n\t\t<\/div>\n\t\n\t\t<div class=\"testimonial aligncenter has-image\">\n\t\t\t<div class=\"testimonial-content\">\n\t\t\t\t<blockquote>\n\t\t\t\t\tGran variedad de articulos y muy buena atenci\u00f3n!\n\t\t\t\t<\/blockquote>\n\t\t\t<\/div>\n\t\t\t<div class=\"testimonial-meta\">\n\t\t\t\t\n\t\t\t<div class=\"testimonial-image\">\n\t\t\t\t<img decoding=\"async\" src=\"https:\/\/radiadoresesteban.com.ar\/wp-content\/uploads\/2015\/04\/star.png\" alt=\"Pilar\" \/>\n\t\t\t<\/div>\n\t\t\n\t\t\t\t<div class=\"testimonial-author\">\n\t\t\t\t\t<strong class=\"author-name\">Pilar<\/strong>\n\t\t\t\t\t<div class=\"author-info\"><span class=\"subtitle\">Cliente<\/span> <span class=\"divider\">-<\/span> <span class=\"company\">Toyota<\/span><\/div>\n\t\t\t\t<\/div>\n\t\t\t<\/div>\n\t\t<\/div>\n\t[\/elements_carousel][\/vc_column][vc_column width=&#8221;1\/6&#8243;][\/vc_column][\/vc_row][vc_row width_100=&#8221;yes&#8221; parallax_speed=&#8221;5&#8243; parallax_x=&#8221;0&#8243; parallax_y=&#8221;0&#8243; el_class=&#8221;aligncenter&#8221;][vc_column][vc_toggle title=&#8221;ENCUENTRENOS EN EL MAPA&#8221; open=&#8221;true&#8221;]<\/p>\n<p><iframe loading=\"lazy\" style=\"border: 0;\" src=\"https:\/\/www.google.com\/maps\/embed?pb=!1m18!1m12!1m3!1d3112.6715396210375!2d-62.270036585012356!3d-38.72534947959751!2m3!1f0!2f0!3f0!3m2!1i1024!2i768!4f13.1!3m3!1m2!1s0x95edbcb5d2629185%3A0x687136d379779f29!2sDarregueira+336%2C+Bah%C3%ADa+Blanca%2C+Buenos+Aires!5e0!3m2!1ses-419!2sar!4v1531493343852\" width=\"100%\" height=\"450\" frameborder=\"0\" allowfullscreen=\"allowfullscreen\"><\/iframe><\/p>\n<p>[\/vc_toggle][\/vc_column][\/vc_row]<\/p>\n<\/div>","protected":false},"excerpt":{"rendered":"<p>[vc_row width_100=&#8221;yes&#8221; parallax_speed=&#8221;5&#8243; parallax_x=&#8221;0&#8243; parallax_y=&#8221;0&#8243;][vc_column parallax=&#8221;content-moving&#8221; css=&#8221;.vc_custom_1525565151865{background-image: url(https:\/\/radiadoresesteban.com.ar\/wp-content\/uploads\/2018\/05\/loginnn-4.jpg?id=907) !important;background-position: center !important;background-repeat: no-repeat !important;background-size: cover !important;}&#8221;][vc_row_inner][vc_column_inner width=&#8221;1\/2&#8243;][\/vc_column_inner][vc_column_inner width=&#8221;1\/4&#8243; css=&#8221;.vc_custom_1533172604687{background-color: #1e73be !important;border-radius: 2px !important;}&#8221;][vc_column_text css=&#8221;.vc_custom_1533172713498{background-color: #1e73be !important;}&#8221;] Ingresar a tu cuenta: Usuario: Contrase\u00f1a: [ninja-popup id=876][\/ninja-popup] [\/vc_column_text][vc_empty_space][\/vc_column_inner][vc_column_inner width=&#8221;1\/4&#8243;][\/vc_column_inner][\/vc_row_inner][vc_empty_space][\/vc_column][\/vc_row][vc_row][vc_column][vc_empty_space][vc_column_text] Novedades [\/vc_column_text][vc_empty_space][\/vc_column][\/vc_row][vc_row parallax_effect=&#8221;yes&#8221; parallax_speed=&#8221;5&#8243; parallax_x=&#8221;0&#8243; parallax_y=&#8221;0&#8243; css=&#8221;.vc_custom_1525558654276{padding-top: 40px !important;padding-bottom: 70px !important;background-image: url(https:\/\/radiadoresesteban.com.ar\/wp-content\/uploads\/2018\/05\/banner.jpg?id=894) !important;}&#8221; el_class=&#8221;heading-white aligncenter&#8221; font_color=&#8221;#999999&#8243;][vc_column][vc_row_inner][vc_column_inner width=&#8221;1\/4&#8243;][\/vc_column_inner][vc_column_inner width=&#8221;1\/2&#8243;][vc_column_text] RADIADORES ESTEBAN [&hellip;]<\/p>\n","protected":false},"author":1,"featured_media":0,"parent":0,"menu_order":0,"comment_status":"open","ping_status":"closed","template":"templates\/template-fullwidth.php","meta":{"footnotes":""},"class_list":["post-11","page","type-page","status-publish","hentry","no-post-thumbnail"],"_links":{"self":[{"href":"https:\/\/radiadoresesteban.com.ar\/index.php?rest_route=\/wp\/v2\/pages\/11","targetHints":{"allow":["GET"]}}],"collection":[{"href":"https:\/\/radiadoresesteban.com.ar\/index.php?rest_route=\/wp\/v2\/pages"}],"about":[{"href":"https:\/\/radiadoresesteban.com.ar\/index.php?rest_route=\/wp\/v2\/types\/page"}],"author":[{"embeddable":true,"href":"https:\/\/radiadoresesteban.com.ar\/index.php?rest_route=\/wp\/v2\/users\/1"}],"replies":[{"embeddable":true,"href":"https:\/\/radiadoresesteban.com.ar\/index.php?rest_route=%2Fwp%2Fv2%2Fcomments&post=11"}],"version-history":[{"count":55,"href":"https:\/\/radiadoresesteban.com.ar\/index.php?rest_route=\/wp\/v2\/pages\/11\/revisions"}],"predecessor-version":[{"id":971,"href":"https:\/\/radiadoresesteban.com.ar\/index.php?rest_route=\/wp\/v2\/pages\/11\/revisions\/971"}],"wp:attachment":[{"href":"https:\/\/radiadoresesteban.com.ar\/index.php?rest_route=%2Fwp%2Fv2%2Fmedia&parent=11"}],"curies":[{"name":"wp","href":"https:\/\/api.w.org\/{rel}","templated":true}]}}